{"id":19132,"date":"2022-12-02T21:37:13","date_gmt":"2022-12-02T20:37:13","guid":{"rendered":"https:\/\/gastrosophie.sbg.ac.at\/kbforschung\/r-datenbank\/?page_id=19132"},"modified":"2023-06-11T16:43:15","modified_gmt":"2023-06-11T15:43:15","slug":"tcs-37-2017-2019","status":"publish","type":"page","link":"https:\/\/www.historische-esskultur.at\/rezeptforschung\/?page_id=19132","title":{"rendered":"TCS 37 (2017-2019)"},"content":{"rendered":"\n<figure class=\"wp-block-image\"><img loading=\"lazy\" decoding=\"async\" width=\"401\" height=\"126\" src=\"https:\/\/www.historische-esskultur.at\/rezeptforschung\/wp-content\/uploads\/2019\/12\/fwf.png\" alt=\"\" class=\"wp-image-12480\" srcset=\"https:\/\/www.historische-esskultur.at\/rezeptforschung\/wp-content\/uploads\/2019\/12\/fwf.png 401w, https:\/\/www.historische-esskultur.at\/rezeptforschung\/wp-content\/uploads\/2019\/12\/fwf-300x94.png 300w\" sizes=\"auto, (max-width: 401px) 100vw, 401px\" \/><\/figure>\n\n\n\n<h2 class=\"wp-block-heading\">Salzburg zu Tisch \/ Cooking up Salzburg<\/h2>\n\n\n\n<p><em>\u201eVon allerhand Speis und Trank \u2026\u201c&nbsp;<\/em>\u2013 Die Ern\u00e4hrungsgeschichte von Salzburg ist ein gro\u00dfer Anziehungspunkt f\u00fcr die \u00d6ffentlichkeit, und dieses Interesse soll dazu beitragen, B\u00fcrgerInnen in Citizen Scientists zu verwandeln. Gleichzeitig wird dadurch ein Mehrwert f\u00fcr das Hauptprojekt, einer Fallstudie zur Funktion und den Rahmenbedingungen der Ern\u00e4hrung in Salzburg, erzielt. Um einen tieferen Einblick in die Ern\u00e4hrung der Barockstadt Salzburg sowie neue Impulse f\u00fcr die Gesellschaft zu gewinnen, besteht das Citizen Science-Projekt aus den folgenden zentralen Punkten:<\/p>\n\n\n\n<ol class=\"wp-block-list\"><li>Datengewinnung: F\u00fcr B\u00fcrgerInnen besteht die M\u00f6glichkeit, sich bei der Datengenerierung im Bereich der historischen Kochbuchliteratur einzubringen. Sie werden im Umgang mit historischem Quellenmaterial geschult und erhalten Zugang zu einer speziellen Rezeptdatenbank. Vor allem die Erfassung von Vergleichsdaten spielt f\u00fcr das Projekt eine wichtige Rolle, um Einzelergebnisse in \u00fcberregionale Zusammenh\u00e4nge einbinden zu k\u00f6nnen.<\/li><li>Forschungsarbeiten unter Einbeziehung von SpezialistInnen: Historische Rezepte sind viel weniger detailliert was Zutaten(-mengen) und Zubereitungsarten anbelangt als ihre modernen Gegenst\u00fccke. Der freiberufliche experimentelle Arch\u00e4ologe Andreas Klumpp ist versiert in der detailgetreuen Rekonstruktion historischer Speisen. Eunike Grahofer, zertifizierte Kr\u00e4uterp\u00e4dagogin und 2015 f\u00fcr ein Citizen Science-Projekt ausgezeichnet, wird dem akademischen Team bei der Interpretation der historischen Gerichte sowie beim Transfer der Resultate helfen. Ein gelernter Koch wird bei der modernen Interpretation der Speisen unterst\u00fctzen. Alle drei Teile werden durch Spezialworkshops, in denen auch die Citizen Scientists aktiv mit eingebunden sind, vermittelt.<\/li><\/ol>\n\n\n\n<p>Ziel der Studie ist es, Ern\u00e4hrung durch genaue Analyse von Kontexten und Verflechtungen als bedeutenden und integralen Bestandteil von Kultur, Gesellschaft und Wirtschaft darzustellen. Die Wiederentdeckung und Verortung einer historischen K\u00fcche kann dar\u00fcber hinaus auf Gastronomie, Tourismus und Kultur anregend wirken, kritische Impulse f\u00fcr eine Identit\u00e4tsbildung in der Gegenwart liefern und dadurch ein Bindeglied zwischen akademischer Welt\/universit\u00e4rer Forschung und breiter \u00d6ffentlichkeit darstellen.<\/p>\n\n\n\n<p><strong>Top Citizen Science-Erweiterung vom FWF-Projekt: Regionale Tradition und Kulturtransfer in der Ern\u00e4hrung. Das Beispiel der Residenzstadt Salzburg 1500\u20131800&nbsp;<\/strong><br>Projektleiter: Ao. Univ. Prof. DDr. Gerhard Ammerer<br>Integration FWF-TCS-Projekt: Ass.Prof. Dr. Michael Brauer<br>Citizen Science-Supervision: Marlene Ernst, MA<\/p>\n\n\n\n<div style=\"height:35px\" aria-hidden=\"true\" class=\"wp-block-spacer\"><\/div>\n\n\n\n<h2 class=\"wp-block-heading\" id=\"mce_31\">Im Projekt bearbeitete Kochbuchquellen:<\/h2>\n\n\n\n<ul class=\"wp-block-list\"><li><a href=\"https:\/\/www.historische-esskultur.at\/rezeptforschung\/?rdb_kb=ein-new-kochbuch\">Ein new Kochbuch (1581)<\/a><\/li><li><a href=\"https:\/\/www.historische-esskultur.at\/rezeptforschung\/?rdb_kb=vollstaendiges-nuernbergisches-kochbuch\">Vollst\u00e4ndiges N\u00fcrnbergisches Kochbuch (1691)<\/a><\/li><li><a href=\"https:\/\/www.historische-esskultur.at\/rezeptforschung\/?rdb_kb=neues-saltzburgisches-kochbuch\">Neues Saltzburgisches Kochbuch (1718\/19)<\/a><\/li><\/ul>\n","protected":false},"excerpt":{"rendered":"<p>Salzburg zu Tisch \/ Cooking up Salzburg \u201eVon allerhand Speis und Trank \u2026\u201c&nbsp;\u2013 Die Ern\u00e4hrungsgeschichte von Salzburg ist ein gro\u00dfer Anziehungspunkt f\u00fcr die \u00d6ffentlichkeit, und dieses Interesse soll dazu beitragen, B\u00fcrgerInnen in Citizen Scientists zu verwandeln. Gleichzeitig wird dadurch ein Mehrwert f\u00fcr das Hauptprojekt, einer Fallstudie zur Funktion und den Rahmenbedingungen der Ern\u00e4hrung in Salzburg, [&hellip;]<\/p>\n","protected":false},"author":1,"featured_media":0,"parent":0,"menu_order":0,"comment_status":"closed","ping_status":"closed","template":"","meta":{"footnotes":""},"class_list":["post-19132","page","type-page","status-publish","hentry"],"acf":[],"_links":{"self":[{"href":"https:\/\/www.historische-esskultur.at\/rezeptforschung\/index.php?rest_route=\/wp\/v2\/pages\/19132","targetHints":{"allow":["GET"]}}],"collection":[{"href":"https:\/\/www.historische-esskultur.at\/rezeptforschung\/index.php?rest_route=\/wp\/v2\/pages"}],"about":[{"href":"https:\/\/www.historische-esskultur.at\/rezeptforschung\/index.php?rest_route=\/wp\/v2\/types\/page"}],"author":[{"embeddable":true,"href":"https:\/\/www.historische-esskultur.at\/rezeptforschung\/index.php?rest_route=\/wp\/v2\/users\/1"}],"replies":[{"embeddable":true,"href":"https:\/\/www.historische-esskultur.at\/rezeptforschung\/index.php?rest_route=%2Fwp%2Fv2%2Fcomments&post=19132"}],"version-history":[{"count":6,"href":"https:\/\/www.historische-esskultur.at\/rezeptforschung\/index.php?rest_route=\/wp\/v2\/pages\/19132\/revisions"}],"predecessor-version":[{"id":19254,"href":"https:\/\/www.historische-esskultur.at\/rezeptforschung\/index.php?rest_route=\/wp\/v2\/pages\/19132\/revisions\/19254"}],"wp:attachment":[{"href":"https:\/\/www.historische-esskultur.at\/rezeptforschung\/index.php?rest_route=%2Fwp%2Fv2%2Fmedia&parent=19132"}],"curies":[{"name":"wp","href":"https:\/\/api.w.org\/{rel}","templated":true}]}}